{"id":953,"date":"2024-04-29T09:49:45","date_gmt":"2024-04-29T09:49:45","guid":{"rendered":"https:\/\/bm-media-group.com\/?post_type=product&#038;p=953"},"modified":"2024-06-15T19:54:04","modified_gmt":"2024-06-15T19:54:04","slug":"vip-international-traveller-01-2024-digital-edition-download","status":"publish","type":"product","link":"https:\/\/bm-media-group.com\/en\/produkt\/vip-international-traveller-01-2024-digital-edition-download\/","title":{"rendered":"VIP International Traveller 01\/2024 Digital Edition (Download)"},"content":{"rendered":"<div class=\"page\" title=\"Page 1\">\n<div class=\"layoutArea\">\n<div class=\"column\">\n<p>Liebe Leserinnen, liebe Leser!<\/p>\n<p>Es begeistert mich immer wieder, mit welcher Kreativit\u00e4t, Liebe zum Detail und zukunftsorientiertem Weitblick sich auch alteingesessene Top-Adressen und Spitzenhotels neu erfinden und aus ihrer Philosophie heraus immer wieder neu erschaffen. Die Energie und Leidenschaft, die ein solches Engagement erfordert, ist sprichw\u00f6rtlich. Und bei vielen der magischen Orte, die wir Ihnen in dieser Ausgabe vorstellen, der Grund f\u00fcr die absolute Klasse dieser H\u00e4user.<\/p>\n<p>Allen voran das Bio- und Wellness-Resort Stanglwirt in Kitzb\u00fchel. Eine lebende Legende. Der Stanglwirt ist der weltweit einzige autarke Bio-Bauernhof mit integriertem Luxushotel und seit 1722 in Familienbesitz. In den kommenden Sommermonaten d\u00fcrfen sich die G\u00e4ste hier auf alles freuen, was das Herz in sommerlicher Bergluft h\u00f6herschlagen l\u00e4sst.<\/p>\n<p>Auch das herrschaftlich in den mallorquinischen Bergen thronende Castell Son Claret geh\u00f6rt zu diesen atemberaubenden Orten und kr\u00f6nt seine lange Geschichte mit einer noch strahlenden Gegenwart. Im Landesinneren Mallorcas gelegen, ist Castell Son Claret heute ein \u201eLeading Hotel of the World\u201c. Eines der sch\u00f6nsten Hotels der Welt ist f\u00fcr mich die Villa Feltrinelli am Westufer des Gardasees. Unvergesslich und unvergleichbar. Nach originalgetreuer Renovierung vor vielen Jahren ist die herrschaftliche Villa mit 20 Suiten das kleinste Grandhotel der Welt. Kostbare Antiquit\u00e4ten und originale Kunstwerke schm\u00fccken die individuell eingerichteten Zimmer. Und wo der Gast sein Fr\u00fchst\u00fcck einnehmen m\u00f6chte, entscheidet jeder spontan, Herzensw\u00fcnsche inklusive.<\/p>\n<p>Eine ganz besondere Recherche hat in dieser Aus-<br \/>\ngabe den Schwerpunkt \u201eGesundheitsresorts\u201c bestimmt. Das Luisenh\u00f6he Gesundheitsresort Schwarzwald bietet seinen G\u00e4sten ein \u201e360\u00b0- Gesundheitserlebnis\u201c, das in seiner Ganzheitlichkeit auch die Schlaf- und Regenerationskultur betrachtet. Genuss &amp; Gesundheit gehen hier Hand in Hand.<\/p>\n<p>Ein Thema, das uns auch au\u00dferhalb Europas zu tollen Entdeckungen gef\u00fchrt hat. So werden im neuen Zulal Wellness Resort by Chiva-Som in Katar genetische Codes zum Schl\u00fcssel f\u00fcr ein noch nie dagewesenes Wellness-Erlebnis.<\/p>\n<p>Gastgeber zu sein auf einer \u201eReise der Phantasie und Selbstentdeckung\u201c versprechen die Gr\u00fcnder der neuen BIJAL Villen an der T\u00fcrkischen Riviera. Wellness und Genuss haben hier einen spielerischen und doch sehr exklusiven Charakter gefunden, der das Publikum begeistert.<\/p>\n<p>Neue Adressen haben uns vor allem in Thailand begeistert. Das Four Seasons Bangkok in bester Flusslage im Herzen der Metropole ist ein Superlativ! Das 2023 neu er\u00f6ffnete Luxushotel geh\u00f6rt jetzt schon zur \u201eWorld\u2019s 50 Best Hotels List 2023\u201c. Seine Bar \u201eBKK Social Club\u201c wurde von der ber\u00fchmten Liste \u201eAsia&#8217;s 50 Best Bars 2023\u201c zur besten Bar Thailands ernannt. Ebenfalls in Bangkok hat auch das palastartige Luxushotel The Sukhothai Bangkok, welches zu den ikonischsten Luxushotels in S\u00fcdostasien z\u00e4hlt, unser Herz im Sturm erobert, sodass wir es gerne vorstellen m\u00f6chten.<\/p>\n<p>Wenn unsere wahre Aufgabe darin besteht, gl\u00fccklich zu sein, wie der Dalai Lama sagt, m\u00f6chten wir Sie dazu inspirieren, auf eine unvergessliche Reise zu gehen&#8230;<\/p>\n<p class=\"Normal tm5\"><span class=\"tm7\">Herzlichst,<\/span><\/p>\n<p>Michaela Scholl<\/p>\n<div class=\"page\" title=\"Page 1\">\n<div class=\"layoutArea\">\n<div class=\"column\">\n<p>Herausgeberin | Publisher<\/p>\n<\/div>\n<\/div>\n<\/div>\n<\/div>\n<\/div>\n<\/div>\n","protected":false},"excerpt":{"rendered":"<p>Liebe Leserinnen, liebe Leser! Es begeistert mich immer wieder, mit welcher Kreativit\u00e4t, Liebe zum Detail und zukunftsorientiertem Weitblick sich auch alteingesessene Top-Adressen und Spitzenhotels neu erfinden und aus ihrer Philosophie heraus immer wieder neu erschaffen. Die Energie und Leidenschaft, die ein solches Engagement erfordert, ist sprichw\u00f6rtlich. Und bei vielen der magischen Orte, die wir Ihnen [&hellip;]<\/p>\n","protected":false},"featured_media":951,"template":"","meta":{"_et_pb_use_builder":"","_et_pb_old_content":"","_et_gb_content_width":""},"product_brand":[],"product_cat":[44,75],"product_tag":[37],"class_list":{"0":"post-953","1":"product","2":"type-product","3":"status-publish","4":"has-post-thumbnail","6":"product_cat-downloadprodukte","7":"product_cat-vip-traveller-download","8":"product_tag-vip-traveller","10":"first","11":"instock","12":"downloadable","13":"virtual","14":"taxable","15":"purchasable","16":"product-type-simple"},"_links":{"self":[{"href":"https:\/\/bm-media-group.com\/en\/wp-json\/wp\/v2\/product\/953","targetHints":{"allow":["GET"]}}],"collection":[{"href":"https:\/\/bm-media-group.com\/en\/wp-json\/wp\/v2\/product"}],"about":[{"href":"https:\/\/bm-media-group.com\/en\/wp-json\/wp\/v2\/types\/product"}],"wp:featuredmedia":[{"embeddable":true,"href":"https:\/\/bm-media-group.com\/en\/wp-json\/wp\/v2\/media\/951"}],"wp:attachment":[{"href":"https:\/\/bm-media-group.com\/en\/wp-json\/wp\/v2\/media?parent=953"}],"wp:term":[{"taxonomy":"product_brand","embeddable":true,"href":"https:\/\/bm-media-group.com\/en\/wp-json\/wp\/v2\/product_brand?post=953"},{"taxonomy":"product_cat","embeddable":true,"href":"https:\/\/bm-media-group.com\/en\/wp-json\/wp\/v2\/product_cat?post=953"},{"taxonomy":"product_tag","embeddable":true,"href":"https:\/\/bm-media-group.com\/en\/wp-json\/wp\/v2\/product_tag?post=953"}],"curies":[{"name":"wp","href":"https:\/\/api.w.org\/{rel}","templated":true}]}}